{"id":3175,"date":"2025-09-10T10:33:36","date_gmt":"2025-09-10T01:33:36","guid":{"rendered":"https:\/\/www.xtalphys.imr.tohoku.ac.jp\/?page_id=3175"},"modified":"2025-09-16T11:19:06","modified_gmt":"2025-09-16T02:19:06","slug":"2025%e5%b9%b49%e6%9c%88%ef%bc%99%e6%97%a5%e3%80%90foreign-collaboration-researcher%e3%80%91-morgane-mokhtari-%e3%81%95%e3%82%93%e5%b8%b0%e5%9b%bd","status":"publish","type":"page","link":"https:\/\/www.xtalphys.imr.tohoku.ac.jp\/?page_id=3175","title":{"rendered":"2025\u5e749\u6708\uff19\u65e5\u3010Foreign collaboration Researcher from France\u3011 Morgane Mokhtari \u3055\u3093\u5e30\u56fd"},"content":{"rendered":"<p>Associate Professor Morgane Mokhtari from the University of Technology Tarbes Occitanie Pyrenees (UTTOP) stayed for three weeks to conduct collaborative research with our laboratory. She spoke fluent Japanese, we had a good time.<\/p>\n<p>La maitre de conf\u00e9rences Morgane Mokhtari de l\u2019Universit\u00e9 de Technologie Tarbes Occitanie Pyr\u00e9n\u00e9es (UTTOP) est rest\u00e9e trois semaines pour mener des recherches collaboratives dans notre laboratoire. Elle pouvait parler japonais et nous avons pass\u00e9 un excellent moment.<\/p>\n<p>\u30d5\u30e9\u30f3\u30b9\u30fb\u30bf\u30eb\u30d6 \u30aa\u30af\u30b7\u30bf\u30cb\u30fc \u30d4\u30ec\u30cd\u30fc\u5de5\u79d1\u5927\u5b66 \u306eMorgane Mokhtari\u3055\u3093\u304c\u3001\u85e4\u539f\u7814\u7a76\u5ba4\u3068\u306e\u5171\u540c\u7814\u7a76\u306e\u305f\u3081\u30013\u9031\u9593\u6ede\u5728\u3055\u308c\u307e\u3057\u305f\u3002\u5f97\u610f\u306e\u65e5\u672c\u8a9e\u3067\u7814\u7a76\u5ba4\u30e1\u30f3\u30d0\u30fc\u3068\u697d\u3057\u3044\u6642\u9593\u3092\u904e\u3054\u3057\u3066\u304f\u3060\u3055\u3044\u307e\u3057\u305f\u3002<\/p>\nngg_shortcode_0_placeholder\n","protected":false},"excerpt":{"rendered":"<p>Associate Professor Morgane Mokhtari from the University of Technology Tarbes Occitanie Pyrenees (UTTOP) staye [&hellip;]<\/p>\n","protected":false},"author":1,"featured_media":0,"parent":3005,"menu_order":0,"comment_status":"closed","ping_status":"closed","template":"","meta":{"ngg_post_thumbnail":0,"footnotes":""},"class_list":["post-3175","page","type-page","status-publish","hentry"],"_links":{"self":[{"href":"https:\/\/www.xtalphys.imr.tohoku.ac.jp\/index.php?rest_route=\/wp\/v2\/pages\/3175","targetHints":{"allow":["GET"]}}],"collection":[{"href":"https:\/\/www.xtalphys.imr.tohoku.ac.jp\/index.php?rest_route=\/wp\/v2\/pages"}],"about":[{"href":"https:\/\/www.xtalphys.imr.tohoku.ac.jp\/index.php?rest_route=\/wp\/v2\/types\/page"}],"author":[{"embeddable":true,"href":"https:\/\/www.xtalphys.imr.tohoku.ac.jp\/index.php?rest_route=\/wp\/v2\/users\/1"}],"replies":[{"embeddable":true,"href":"https:\/\/www.xtalphys.imr.tohoku.ac.jp\/index.php?rest_route=%2Fwp%2Fv2%2Fcomments&post=3175"}],"version-history":[{"count":5,"href":"https:\/\/www.xtalphys.imr.tohoku.ac.jp\/index.php?rest_route=\/wp\/v2\/pages\/3175\/revisions"}],"predecessor-version":[{"id":3203,"href":"https:\/\/www.xtalphys.imr.tohoku.ac.jp\/index.php?rest_route=\/wp\/v2\/pages\/3175\/revisions\/3203"}],"up":[{"embeddable":true,"href":"https:\/\/www.xtalphys.imr.tohoku.ac.jp\/index.php?rest_route=\/wp\/v2\/pages\/3005"}],"wp:attachment":[{"href":"https:\/\/www.xtalphys.imr.tohoku.ac.jp\/index.php?rest_route=%2Fwp%2Fv2%2Fmedia&parent=3175"}],"curies":[{"name":"wp","href":"https:\/\/api.w.org\/{rel}","templated":true}]}}